{"id":6,"date":"2023-03-07T14:28:15","date_gmt":"2023-03-07T13:28:15","guid":{"rendered":"https:\/\/www2.ismacc.fr\/index.php\/mesmerize-pro\/"},"modified":"2026-02-11T11:22:14","modified_gmt":"2026-02-11T10:22:14","slug":"ismacc-2","status":"publish","type":"page","link":"https:\/\/ismacc.fr\/","title":{"rendered":"Accueil"},"content":{"rendered":"<div  data-label=\"Features\" data-id=\"features--3\" data-export-id=\"features-16\" data-category=\"features\" class=\"features-16 content-section content-section-spacing\" id=\"features-3\" style=\"background-color: rgb(52, 58, 64); background-image: none;\"><div  class=\"gridContainer\"> <div  class=\"row text-center\"><div  class=\"section-title-col\" data-type=\"column\"> <h2  class=\"\"><span  style=\"color: rgb(255, 255, 255); font-weight: 900;\">Nos campus<\/span><\/h2> <\/div> <\/div> <div  class=\"row spaced-cols center-sm content-center-sm\" data-type=\"row\"> <div  class=\"col-xs-12 col-sm-6 col-md-4 space-bottom\">  <div  data-type=\"column\" class=\"col-padding-small col-padding-small-xs description-container\">  <h2  class=\"\"><span  style=\"color: rgb(255, 255, 255);\">Campus de Dijon<\/span><\/h2> <a  class=\"button big color1\" href=\"https:\/\/dijonformation.com\" target=\"_blank\" data-cp-link=\"1\" data-icon=\"\" rel=\"noopener\">DIJON FORMATION<\/a><\/div> <\/div>  <div  class=\"col-xs-12 col-sm-6 col-md-4 space-bottom\">  <div  data-type=\"column\" class=\"col-padding-small col-padding-small-xs description-container\">   <h2  class=\"\"><span  style=\"color: rgb(255, 255, 255);\">Campus de Chalon<\/span><\/h2><a  class=\"button big color1\" href=\"https:\/\/chalonformation.com\" target=\"_blank\" data-cp-link=\"1\" data-icon=\"\" rel=\"noopener\">CHALON FORMATION<\/a><\/div> <\/div><\/div> <\/div><\/div><div  data-label=\"Content\" data-id=\"content--1\" data-export-id=\"content-12\" data-category=\"content\" class=\"content-12 content-section content-section-spacing\" id=\"content-1\" style=\"background-color: rgb(255, 255, 255);\"><div  class=\"\"><div  data-section-title-area=\"true\" class=\"row text-center\">   <div  class=\"section-title-col\" data-type=\"column\">       <h2  class=\"\"><span  style=\"font-weight: 900;\">C\u00f4t\u00e9 \u00e9tudiant<\/span><\/h2>          <a  class=\"button big color-white\" href=\"#\" target=\"_self\" data-cp-link=\"1\" data-icon=\"fa-angle-double-down\" rel=\"noopener\"><span  class=\"button-icon fa fa-angle-double-down\"><\/span><\/a><\/div><\/div>  <div  class=\"row center-xs middle-xs\"> <div  class=\"col-sm-9\" data-type=\"column\"> <\/div> <\/div><\/div> <\/div><div  data-label=\"Overlappable\" data-id=\"overlappable--1\" data-export-id=\"overlappable-1\" data-category=\"overlappable\" class=\"overlappable-1 content-section content-section-spacing\" data-overlap=\"true\" id=\"overlappable-1\" style=\"background-color: rgb(255, 255, 255);\"><div  class=\"gridContainer\"> <div  data-type=\"row\" class=\"row shadow-medium center-sm content-center-sm\">   <div  data-type=\"column\" class=\"col-xs-12 col-sm-4 flexcol col-padding col-padding-small-xs inverted bg-color6 col-md-3\">  <h2  class=\"\">Job dating<\/h2><p  class=\"\" _msttexthash=\"101032802\" _msthash=\"2963\">Participez aux \u00e9v\u00e8nements Happy Hour, job dating de l\u2019alternance au sein de nos \u00e9coles pour trouver c\u00f4t\u00e9 entreprise un collaborateur, ou c\u00f4t\u00e9 \u00e9tudiants un emploi en alternance.<\/p> <a  class=\"button color-white\" href=\"https:\/\/chalonformation.com\/index.php\/happy-hour-job-dating-de-lalternance-a-chalon-formation\" target=\"_blank\" data-cp-link=\"1\" data-icon=\"\" rel=\"noopener\">CAMPUS CHALON<\/a><a  class=\"button color-white\" href=\"https:\/\/dijonformation.com\/index.php\/happy-hour-a-dijon-formation-job-dating-de-lalternance\" target=\"_blank\" data-cp-link=\"1\" data-icon=\"\" rel=\"noopener\">CAMPUS DIJON<\/a><\/div><div  data-type=\"column\" class=\"col-xs-12 col-sm-4 flexcol col-padding col-padding-small-xs inverted bg-color8 col-md-3\">  <h2  class=\"\"><span  style=\"font-family: Muli, arial, helvetica, sans-serif;\">Nos \u00e9quipes vous accompagnent<\/span><\/h2><p  class=\"\" _msttexthash=\"101032802\" _msthash=\"2963\">Nos \u00e9quipes sur nos 2 campus travaillent en&nbsp; \u00e9troite collaboration, d\u00e9couvrez nos \u00e9quipes administratives<\/p> <a  class=\"button color-white\" href=\"https:\/\/chalonformation.com\/index.php\/une-equipe-a-votre-ecoute\" target=\"_blank\" data-cp-link=\"1\" data-icon=\"\" rel=\"noopener\">CAMPUS CHALON<\/a><a  class=\"button color-white\" href=\"https:\/\/dijonformation.com\/index.php\/une-equipe-a-votre-ecoute\" target=\"_blank\" data-cp-link=\"1\" data-icon=\"\" rel=\"noopener\">CAMPUS DIJON<\/a><\/div><div  data-type=\"column\" class=\"col-xs-12 col-sm-4 flexcol col-padding col-padding-small-xs inverted col-md-3 bg-color1\">  <h2  class=\"\"><span  style=\"color: rgb(255, 255, 255);\">Nos r\u00e9seaux d\u2019entreprises<\/span><\/h2><p  class=\"\" _msttexthash=\"101032802\" _msthash=\"2963\"><span  style=\"color: rgb(255, 255, 255);\">D\u00e9couvrez&nbsp; nos entreprises partenaires. Afin d\u2019avoir acc\u00e8s \u00e0 toutes les entreprises, cliquez sur l\u2019onglet pr\u00e9inscription sur le campus qui vous interesse.<\/span><\/p> <a  class=\"button color-white\" href=\"https:\/\/chalonformation.com\/index.php\/les-reseaux-partenaires-chalon-formation\" target=\"_blank\" data-cp-link=\"1\" data-icon=\"\" rel=\"noopener\">CAMPUS CHALON<\/a><a  class=\"button color-white\" href=\"https:\/\/dijonformation.com\/index.php\/les-reseaux-partenaires-dijon-formation\" target=\"_blank\" data-cp-link=\"1\" data-icon=\"\" rel=\"noopener\">CAMPUS DIJON<\/a><\/div><\/div><\/div> <\/div><div  data-label=\"Content\" data-id=\"content--2\" data-export-id=\"content-12\" data-category=\"content\" class=\"content-12 content-section content-section-spacing\" id=\"content-2\" style=\"background-color: rgb(255, 255, 255);\"><div  class=\"gridContainer\"> <div  class=\"row text-center\"><div  class=\"section-title-col\" data-type=\"column\"> <h2  class=\"\"><span  style=\"font-weight: 900;\">C\u00f4t\u00e9 entreprise<\/span><\/h2> <a  class=\"button color-white\" href=\"#\" target=\"_self\" data-cp-link=\"1\" data-icon=\"fa-angle-double-down\" rel=\"noopener\"><span  class=\"button-icon fa fa-angle-double-down\"><\/span><\/a><\/div> <\/div> <div  class=\"row center-xs middle-xs\"> <div  class=\"col-sm-9\" data-type=\"column\"> <\/div> <\/div><\/div> <\/div><div  data-label=\"Overlappable\" data-id=\"overlappable--2\" data-export-id=\"overlappable-1\" data-category=\"overlappable\" class=\"overlappable-1 content-section content-section-spacing\" data-overlap=\"true\" id=\"overlappable-2\" style=\"background-color: rgb(255, 255, 255); background-image: none;\"><div  class=\"gridContainer\"> <div  data-type=\"row\" class=\"row shadow-medium center-sm content-center-sm\"><div  data-type=\"column\" class=\"col-xs-12 col-sm-4 flexcol col-padding col-padding-small-xs bg-color1\">   <h2  class=\"\" style=\"text-align: center;\"><span  style=\"color: rgb(255, 255, 255);\">Nos fili\u00e8res et formations&nbsp;<\/span> <\/h2><p  class=\"\" style=\"text-align: center;\"><span  style=\"color: rgb(255, 255, 255);\">D\u00e9couvrez nos formations en alternance<\/span><br ><span  style=\"color: rgb(255, 255, 255);\">\ndans les m\u00e9tiers du tertiaire applicables dans tous les secteurs d\u2019activit\u00e9.<\/span><\/p> <a  class=\"button color-white\" href=\"https:\/\/chalonformation.com\/index.php\/nos-domaines-dinterventions\" target=\"_blank\" data-cp-link=\"1\" data-icon=\"\" rel=\"noopener\">CAMPUS CHALON<\/a><a  class=\"button color-white\" href=\"https:\/\/dijonformation.com\/index.php\/nos-domaines-dinterventions\" target=\"_blank\" data-cp-link=\"1\" data-icon=\"\" rel=\"noopener\">CAMPUS DIJON<\/a><\/div>   <div  data-type=\"column\" class=\"col-xs-12 col-sm-4 flexcol col-padding col-padding-small-xs bg-color6\">   <h2  class=\"\" style=\"text-align: center;\"><span  style=\"color: rgb(255, 255, 255);\">Notre \u00e9quipe vous accompagne<\/span><\/h2><p  class=\"\" style=\"text-align: center;\"><span  style=\"color: rgb(255, 255, 255);\">D\u00e9couvrez notre \u00e9quipe de conseillers qui vous fera le lien entre vous, l\u2019\u00e9tudiant, l\u2019OPCO et assure le suivi tout au long de l\u2019alternance.<\/span><\/p> <a  class=\"button color-white\" href=\"https:\/\/chalonformation.com\/index.php\/notre-equipe-vous-accompagne\" target=\"_blank\" data-cp-link=\"1\" data-icon=\"\" rel=\"noopener\">CAMPUS CHALON<\/a><a  class=\"button color-white\" href=\"https:\/\/dijonformation.com\/index.php\/notre-equipe-vous-accompagne\" target=\"_blank\" data-cp-link=\"1\" data-icon=\"\" rel=\"noopener\">CAMPUS DIJON<\/a><\/div><div  data-type=\"column\" class=\"col-xs-12 col-sm-4 flexcol col-padding col-padding-small-xs bg-color8\">   <h2  class=\"\" style=\"text-align: center;\"><span  style=\"color: rgb(255, 255, 255);\">Nos indicateurs et tarifs<\/span> <\/h2><p  class=\"\" style=\"text-align: center;\"><span  style=\"color: rgb(255, 255, 255);\">Les indicateurs et tarifs sont les m\u00eames sur le campus de Dijon et le campus de Chalon<\/span><\/p> <a  class=\"button color-white\" href=\"https:\/\/chalonformation.com\/index.php\/nos-indicateurs-et-tarifs\" target=\"_blank\" data-cp-link=\"1\" data-icon=\"\" rel=\"noopener\">CAMPUS CHALON<\/a><a  class=\"button color-white\" href=\"https:\/\/dijonformation.com\/index.php\/nos-indicateurs-et-tarifs-2\" target=\"_blank\" data-cp-link=\"1\" data-icon=\"\" rel=\"noopener\">CAMPUS DIJON<\/a><\/div><\/div><\/div> <\/div><div  data-label=\"Content\" data-id=\"content--4\" data-export-id=\"content-8\" data-category=\"content\" class=\"content-8 content-section content-section-spacing\" id=\"content-4\" style=\"background-color: rgb(245, 250, 253);\"><div  class=\"gridContainer\"> <div  class=\"row middle-sm\"><div  class=\"col-sm-6 space-bottom-xs space-top-xs\" data-type=\"column\"> <img  decoding=\"async\" class=\"shadow-large\" src=\"https:\/\/ismacc.fr\/wp-content\/uploads\/2024\/09\/cropped-TINDER-HAPPY-HOUR.png\" title=\"cropped-TINDER-HAPPY-HOUR.png\" alt=\"\"><\/div> <div  class=\"col-sm-6\" data-type=\"column\"><h2  class=\"\">Job dating, Happy Hour<\/h2> <p  class=\"\" style=\"text-align: justify;\">\u00c0 la rencontre de votre futur collaborateur en alternance ! Vous souhaitez rencontrer des candidats pour vos postes \u00e0 pourvoir en alternance ? Prenez contact avec nos conseillers pour inscrire votre entreprise \u00e0 notre job dating annuel.<\/p><a  class=\"button color1\" href=\"https:\/\/chalonformation.com\/index.php\/happy-hour-job-dating-de-lalternance-a-chalon-formation\" target=\"_blank\" data-cp-link=\"1\" data-icon=\"\" rel=\"noopener\">CAMPUS CHALON<\/a> <a  class=\"button color1\" href=\"https:\/\/dijonformation.com\/index.php\/happy-hour-a-dijon-formation-job-dating-de-lalternance\" target=\"_blank\" data-cp-link=\"1\" data-icon=\"\" rel=\"noopener\">CAMPUS DIJON<\/a><\/div> <\/div><\/div> <\/div><div  data-label=\"Cta\" data-id=\"cta--1\" data-export-id=\"cta-centered-bg-section\" data-category=\"cta\" data-section-ov=\"1\" class=\"cta-centered-bg-section content-section content-section-spacing-medium white-text\" data-parallax-depth=\"20\" id=\"cta-1\" style=\"background-color: rgb(255, 97, 0); background-image: none;\"><div  class=\"gridContainer\"> <div  class=\"row text-center\"><div  data-type=\"column\" class=\"\">  <h3  class=\"\">Pour plus d\u2019informations,<br >\npr\u00e9inscrivez-vous<\/h3><a  class=\"button color-white\" href=\"https:\/\/inscriptions.dijonformation.com\/registration\/index.html?campus=cf\" target=\"_blank\" data-cp-link=\"1\" data-icon=\"\" rel=\"noopener\">Campus Chalon<\/a><a  class=\"button color-white\" href=\"https:\/\/inscriptions.dijonformation.com\/registration\/index.html?campus=df\" target=\"_blank\" data-cp-link=\"1\" data-icon=\"\" rel=\"noopener\">Campus Dijon<\/a><\/div> <\/div><\/div> <\/div>","protected":false},"excerpt":{"rendered":"<p>Nos campus Campus de Dijon DIJON FORMATION Campus de ChalonCHALON FORMATION C\u00f4t\u00e9 \u00e9tudiant Job datingParticipez aux \u00e9v\u00e8nements Happy Hour, job dating de l\u2019alternance au sein de nos \u00e9coles pour trouver c\u00f4t\u00e9 entreprise un collaborateur, ou c\u00f4t\u00e9 \u00e9tudiants un emploi en alternance. CAMPUS CHALONCAMPUS DIJON Nos \u00e9quipes vous accompagnentNos \u00e9quipes sur nos 2 campus travaillent en&nbsp;&hellip; <br \/> <a class=\"read-more\" href=\"https:\/\/ismacc.fr\/\">Read more<\/a><\/p>\n","protected":false},"author":1,"featured_media":0,"parent":0,"menu_order":0,"comment_status":"closed","ping_status":"closed","template":"page-templates\/homepage.php","meta":{"footnotes":""},"class_list":["post-6","page","type-page","status-publish","hentry"],"aioseo_notices":[],"yoast_head":"<!-- This site is optimized with the Yoast SEO plugin v24.6 - https:\/\/yoast.com\/wordpress\/plugins\/seo\/ -->\n<title>Accueil - ISMACC<\/title>\n<meta name=\"description\" content=\"ISMACC Institut Sup\u00e9rieur de Management sur le campus de Chalon et Dijon Formation, sp\u00e9cialiste de l&#039;alternance de la Licence au Mast\u00e8re.\" \/>\n<meta name=\"robots\" content=\"index, follow, max-snippet:-1, max-image-preview:large, max-video-preview:-1\" \/>\n<link rel=\"canonical\" href=\"https:\/\/ismacc.fr\/\" \/>\n<meta property=\"og:locale\" content=\"fr_FR\" \/>\n<meta property=\"og:type\" content=\"article\" \/>\n<meta property=\"og:title\" content=\"Accueil - ISMACC\" \/>\n<meta property=\"og:description\" content=\"ISMACC Institut Sup\u00e9rieur de Management sur le campus de Chalon et Dijon Formation, sp\u00e9cialiste de l&#039;alternance de la Licence au Mast\u00e8re.\" \/>\n<meta property=\"og:url\" content=\"https:\/\/ismacc.fr\/\" \/>\n<meta property=\"og:site_name\" content=\"ISMACC\" \/>\n<meta property=\"article:publisher\" content=\"https:\/\/www.facebook\/ChalonFor\" \/>\n<meta property=\"article:modified_time\" content=\"2026-02-11T10:22:14+00:00\" \/>\n<meta property=\"og:image\" content=\"https:\/\/ismacc.fr\/wp-content\/uploads\/2024\/09\/cropped-TINDER-HAPPY-HOUR.png\" \/>\n<meta name=\"twitter:card\" content=\"summary_large_image\" \/>\n<meta name=\"twitter:label1\" content=\"Dur\u00e9e de lecture estim\u00e9e\" \/>\n\t<meta name=\"twitter:data1\" content=\"3 minutes\" \/>\n<script type=\"application\/ld+json\" class=\"yoast-schema-graph\">{\"@context\":\"https:\/\/schema.org\",\"@graph\":[{\"@type\":\"WebPage\",\"@id\":\"https:\/\/ismacc.fr\/\",\"url\":\"https:\/\/ismacc.fr\/\",\"name\":\"Accueil - ISMACC\",\"isPartOf\":{\"@id\":\"https:\/\/ismacc.fr\/#website\"},\"primaryImageOfPage\":{\"@id\":\"https:\/\/ismacc.fr\/#primaryimage\"},\"image\":{\"@id\":\"https:\/\/ismacc.fr\/#primaryimage\"},\"thumbnailUrl\":\"https:\/\/ismacc.fr\/wp-content\/uploads\/2024\/09\/cropped-TINDER-HAPPY-HOUR.png\",\"datePublished\":\"2023-03-07T13:28:15+00:00\",\"dateModified\":\"2026-02-11T10:22:14+00:00\",\"description\":\"ISMACC Institut Sup\u00e9rieur de Management sur le campus de Chalon et Dijon Formation, sp\u00e9cialiste de l'alternance de la Licence au Mast\u00e8re.\",\"breadcrumb\":{\"@id\":\"https:\/\/ismacc.fr\/#breadcrumb\"},\"inLanguage\":\"fr-FR\",\"potentialAction\":[{\"@type\":\"ReadAction\",\"target\":[\"https:\/\/ismacc.fr\/\"]}]},{\"@type\":\"ImageObject\",\"inLanguage\":\"fr-FR\",\"@id\":\"https:\/\/ismacc.fr\/#primaryimage\",\"url\":\"https:\/\/ismacc.fr\/wp-content\/uploads\/2024\/09\/cropped-TINDER-HAPPY-HOUR.png\",\"contentUrl\":\"https:\/\/ismacc.fr\/wp-content\/uploads\/2024\/09\/cropped-TINDER-HAPPY-HOUR.png\",\"width\":1080,\"height\":720},{\"@type\":\"BreadcrumbList\",\"@id\":\"https:\/\/ismacc.fr\/#breadcrumb\",\"itemListElement\":[{\"@type\":\"ListItem\",\"position\":1,\"name\":\"Accueil\",\"item\":\"https:\/\/ismacc.fr\/\"},{\"@type\":\"ListItem\",\"position\":2,\"name\":\"Accueil\"}]},{\"@type\":\"WebSite\",\"@id\":\"https:\/\/ismacc.fr\/#website\",\"url\":\"https:\/\/ismacc.fr\/\",\"name\":\"ISMACC\",\"description\":\"Institut Sup\u00e9rieur, dipl\u00f4mes en alternance de Bac +3 \u00e0 Bac +5\",\"publisher\":{\"@id\":\"https:\/\/ismacc.fr\/#organization\"},\"potentialAction\":[{\"@type\":\"SearchAction\",\"target\":{\"@type\":\"EntryPoint\",\"urlTemplate\":\"https:\/\/ismacc.fr\/?s={search_term_string}\"},\"query-input\":{\"@type\":\"PropertyValueSpecification\",\"valueRequired\":true,\"valueName\":\"search_term_string\"}}],\"inLanguage\":\"fr-FR\"},{\"@type\":\"Organization\",\"@id\":\"https:\/\/ismacc.fr\/#organization\",\"name\":\"ISMACC\",\"url\":\"https:\/\/ismacc.fr\/\",\"logo\":{\"@type\":\"ImageObject\",\"inLanguage\":\"fr-FR\",\"@id\":\"https:\/\/ismacc.fr\/#\/schema\/logo\/image\/\",\"url\":\"https:\/\/ismacc.fr\/wp-content\/uploads\/2023\/03\/cropped-LOGO-ISMACC-DF-CF-2020.png\",\"contentUrl\":\"https:\/\/ismacc.fr\/wp-content\/uploads\/2023\/03\/cropped-LOGO-ISMACC-DF-CF-2020.png\",\"width\":491,\"height\":159,\"caption\":\"ISMACC\"},\"image\":{\"@id\":\"https:\/\/ismacc.fr\/#\/schema\/logo\/image\/\"},\"sameAs\":[\"https:\/\/www.facebook\/ChalonFor\",\"https:\/\/www.instagram.com\/chalon_formation\",\"https:\/\/www.linkedin.com\/company\/chalon-formation\"]}]}<\/script>\n<!-- \/ Yoast SEO plugin. -->","yoast_head_json":{"title":"Accueil - ISMACC","description":"ISMACC Institut Sup\u00e9rieur de Management sur le campus de Chalon et Dijon Formation, sp\u00e9cialiste de l'alternance de la Licence au Mast\u00e8re.","robots":{"index":"index","follow":"follow","max-snippet":"max-snippet:-1","max-image-preview":"max-image-preview:large","max-video-preview":"max-video-preview:-1"},"canonical":"https:\/\/ismacc.fr\/","og_locale":"fr_FR","og_type":"article","og_title":"Accueil - ISMACC","og_description":"ISMACC Institut Sup\u00e9rieur de Management sur le campus de Chalon et Dijon Formation, sp\u00e9cialiste de l'alternance de la Licence au Mast\u00e8re.","og_url":"https:\/\/ismacc.fr\/","og_site_name":"ISMACC","article_publisher":"https:\/\/www.facebook\/ChalonFor","article_modified_time":"2026-02-11T10:22:14+00:00","og_image":[{"url":"https:\/\/ismacc.fr\/wp-content\/uploads\/2024\/09\/cropped-TINDER-HAPPY-HOUR.png","type":"","width":"","height":""}],"twitter_card":"summary_large_image","twitter_misc":{"Dur\u00e9e de lecture estim\u00e9e":"3 minutes"},"schema":{"@context":"https:\/\/schema.org","@graph":[{"@type":"WebPage","@id":"https:\/\/ismacc.fr\/","url":"https:\/\/ismacc.fr\/","name":"Accueil - ISMACC","isPartOf":{"@id":"https:\/\/ismacc.fr\/#website"},"primaryImageOfPage":{"@id":"https:\/\/ismacc.fr\/#primaryimage"},"image":{"@id":"https:\/\/ismacc.fr\/#primaryimage"},"thumbnailUrl":"https:\/\/ismacc.fr\/wp-content\/uploads\/2024\/09\/cropped-TINDER-HAPPY-HOUR.png","datePublished":"2023-03-07T13:28:15+00:00","dateModified":"2026-02-11T10:22:14+00:00","description":"ISMACC Institut Sup\u00e9rieur de Management sur le campus de Chalon et Dijon Formation, sp\u00e9cialiste de l'alternance de la Licence au Mast\u00e8re.","breadcrumb":{"@id":"https:\/\/ismacc.fr\/#breadcrumb"},"inLanguage":"fr-FR","potentialAction":[{"@type":"ReadAction","target":["https:\/\/ismacc.fr\/"]}]},{"@type":"ImageObject","inLanguage":"fr-FR","@id":"https:\/\/ismacc.fr\/#primaryimage","url":"https:\/\/ismacc.fr\/wp-content\/uploads\/2024\/09\/cropped-TINDER-HAPPY-HOUR.png","contentUrl":"https:\/\/ismacc.fr\/wp-content\/uploads\/2024\/09\/cropped-TINDER-HAPPY-HOUR.png","width":1080,"height":720},{"@type":"BreadcrumbList","@id":"https:\/\/ismacc.fr\/#breadcrumb","itemListElement":[{"@type":"ListItem","position":1,"name":"Accueil","item":"https:\/\/ismacc.fr\/"},{"@type":"ListItem","position":2,"name":"Accueil"}]},{"@type":"WebSite","@id":"https:\/\/ismacc.fr\/#website","url":"https:\/\/ismacc.fr\/","name":"ISMACC","description":"Institut Sup\u00e9rieur, dipl\u00f4mes en alternance de Bac +3 \u00e0 Bac +5","publisher":{"@id":"https:\/\/ismacc.fr\/#organization"},"potentialAction":[{"@type":"SearchAction","target":{"@type":"EntryPoint","urlTemplate":"https:\/\/ismacc.fr\/?s={search_term_string}"},"query-input":{"@type":"PropertyValueSpecification","valueRequired":true,"valueName":"search_term_string"}}],"inLanguage":"fr-FR"},{"@type":"Organization","@id":"https:\/\/ismacc.fr\/#organization","name":"ISMACC","url":"https:\/\/ismacc.fr\/","logo":{"@type":"ImageObject","inLanguage":"fr-FR","@id":"https:\/\/ismacc.fr\/#\/schema\/logo\/image\/","url":"https:\/\/ismacc.fr\/wp-content\/uploads\/2023\/03\/cropped-LOGO-ISMACC-DF-CF-2020.png","contentUrl":"https:\/\/ismacc.fr\/wp-content\/uploads\/2023\/03\/cropped-LOGO-ISMACC-DF-CF-2020.png","width":491,"height":159,"caption":"ISMACC"},"image":{"@id":"https:\/\/ismacc.fr\/#\/schema\/logo\/image\/"},"sameAs":["https:\/\/www.facebook\/ChalonFor","https:\/\/www.instagram.com\/chalon_formation","https:\/\/www.linkedin.com\/company\/chalon-formation"]}]}},"_links":{"self":[{"href":"https:\/\/ismacc.fr\/index.php\/wp-json\/wp\/v2\/pages\/6","targetHints":{"allow":["GET"]}}],"collection":[{"href":"https:\/\/ismacc.fr\/index.php\/wp-json\/wp\/v2\/pages"}],"about":[{"href":"https:\/\/ismacc.fr\/index.php\/wp-json\/wp\/v2\/types\/page"}],"author":[{"embeddable":true,"href":"https:\/\/ismacc.fr\/index.php\/wp-json\/wp\/v2\/users\/1"}],"replies":[{"embeddable":true,"href":"https:\/\/ismacc.fr\/index.php\/wp-json\/wp\/v2\/comments?post=6"}],"version-history":[{"count":67,"href":"https:\/\/ismacc.fr\/index.php\/wp-json\/wp\/v2\/pages\/6\/revisions"}],"predecessor-version":[{"id":2077,"href":"https:\/\/ismacc.fr\/index.php\/wp-json\/wp\/v2\/pages\/6\/revisions\/2077"}],"wp:attachment":[{"href":"https:\/\/ismacc.fr\/index.php\/wp-json\/wp\/v2\/media?parent=6"}],"curies":[{"name":"wp","href":"https:\/\/api.w.org\/{rel}","templated":true}]}}