{"id":1410,"date":"2024-03-29T11:35:27","date_gmt":"2024-03-29T10:35:27","guid":{"rendered":"https:\/\/ismacc.fr\/?page_id=1410"},"modified":"2024-09-12T12:17:50","modified_gmt":"2024-09-12T10:17:50","slug":"formations-bac3","status":"publish","type":"page","link":"https:\/\/ismacc.fr\/index.php\/formations-bac3\/","title":{"rendered":"Formations Bac+3"},"content":{"rendered":"<div  data-label=\"Cta\" data-id=\"cta--2\" data-export-id=\"cta-centered-section-grid\" data-category=\"cta\" class=\"cta-centered-section-grid content-section content-section-spacing-medium bg-color1 white-text\" id=\"cta-2\"><div  class=\"gridContainer\"> <div  class=\"row text-center\"><div  class=\"col-xs-12 col-sm-10 col-sm-offset-1 col-md-8 col-md-offset-2\" data-type=\"column\">   <h3  class=\"\">Pour plus d\u2019informations, pr\u00e9inscrivez-vous<\/h3><a class=\"button color-white\" href=\"https:\/\/inscriptions.chalonformation.com\/registration\/index.html?campus=cf\" target=\"_blank\" data-cp-link=\"1\" data-icon=\"\" rel=\"noopener\">Se pr\u00e9inscrire<\/a><\/div> <\/div><\/div> <\/div><div  data-label=\"About\" data-id=\"about--1\" data-export-id=\"about-9\" data-category=\"about\" class=\"about-9 content-section content-section-spacing\" id=\"about-1\" style=\"background-color: rgb(255, 255, 255);\"><div  class=\"gridContainer\"> <div  class=\"row middle-sm text-center\"><div  class=\"col-sm-5 space-bottom-xs content-column content-center-sm\" data-type=\"column\"> <h4  class=\"\" style=\"text-align: justify;\">Les licences du CNAM sont disponibles sur le campus de Chalon Formation. Les formations Bac+3 du Campus de Dijon Formation sont des Bachelors.<\/h4><a class=\"button color1\" href=\"https:\/\/dijonformation.com\" target=\"_blank\" data-cp-link=\"1\" data-icon=\"\" rel=\"noopener\">En savoir plus sur les Bachelors<\/a><h2  class=\"\" style=\"text-align: left;\">Qu\u2019est ce qu\u2019une Licence en alternance ?<\/h2>   <p  class=\"\" style=\"text-align: justify;\"><span  style=\"color: rgb(60, 66, 79);\">Exclusivement en alternance \u00e0 Chalon Formation, la Licence du CNAM (Conservatoire National des Arts et M\u00e9tiers) est accessible apr\u00e8s un Bac+2 ou un titre professionnel de niveau 5 (EU). La Licence est un dipl\u00f4me Universitaire de niveau Bac+3 permettant aux \u00e9tudiants de se sp\u00e9cialiser en 1 an dans leur domaine.<\/span><\/p><\/div> <div  class=\"col-sm-7 flexbox flexbox middle-xs center-xs space-bottom-xs\"><div  class=\"overlay-box flexbox middle-xs center-xs overlay-holder \"> <div  class=\"overlay-box-offset offset-background shadow-medium bg-color2 hide-xs\"><\/div> <img  decoding=\"async\" class=\"flexbox shadow-large img1\" src=\"https:\/\/ismacc.fr\/wp-content\/uploads\/2024\/03\/cropped-cropped-Capture-decran-2024-03-12-113744.png\" data-size=\"600x400\" title=\"cropped-cropped-Capture-decran-2024-03-12-113744.png\" alt=\"Le Niveau Bac 3 - Les Licences \u00e0 ISMACC Campus Chalon\"><\/div> <\/div><\/div> <\/div><\/div><div  data-label=\"Content\" data-id=\"content--3\" data-export-id=\"content-5-2\" data-category=\"content\" class=\"content-5-2 content-section content-section-spacing\" id=\"content-3\" style=\"background-color: rgb(255, 255, 255);\"><div  class=\"gridContainer\"> <div  class=\"row text-center\"><div  class=\"section-title-col\" data-type=\"column\">  <h2 class=\"\" >Quels sont les avantages<br >\nd\u2019une Licence en alternance ?<\/h2><\/div> <\/div> <div  class=\"row middle-sm\"> <div  class=\"col-sm-6 flexbox around-xs top-xs\"> <div  class=\"overlay-box flexbox middle-xs center-xs overlay-holder\"> <div  class=\"overlay-box-offset offset-background shadow-medium bg-color2 hide-xs\"><\/div> <img  decoding=\"async\" class=\"flexbox shadow-large img1\" data-size=\"485x632\" src=\"https:\/\/ismacc.fr\/wp-content\/uploads\/2024\/03\/cropped-people-2557396_12801.jpg\" title=\"cropped-people-2557396_12801.jpg\" alt=\"\"><\/div> <\/div> <div  class=\"col-sm-6 space-bottom-xs\"> <div  class=\"row space-bottom content-holder\" data-type=\"column\">  <\/div> <div  class=\"row space-bottom\" data-type=\"row\"><div  class=\"col-sm-6 space-bottom\"> <i  class=\"fa icon medium fa-folder-o color1\"><\/i> <h5  class=\"\">Insertion professionnelle<\/h5> <p  class=\"\" style=\"text-align: justify;\"><span  style=\"color: rgb(52, 58, 64);\">Les Licences du CNAM \u00e0 Chalon Formation englobent trois grandes cat\u00e9gories de domaines : les Ressources Humaines, la Gestion des Organisations et le Commerce, la Vente et le Marketing.<\/span><br ><span  style=\"color: rgb(52, 58, 64);\">\nR\u00e9put\u00e9e pour son orientation professionnelle, la Licence est con\u00e7ue pour r\u00e9pondre aux exigences sp\u00e9cifiques du march\u00e9 du travail dans un secteur particulier.<\/span><\/p><\/div> <div  class=\"col-sm-6\"><i  class=\"fa icon medium fa-balance-scale color1\"><\/i> <h5  class=\"\">L\u2019alternance comme atout<\/h5> <p  class=\"\" style=\"text-align: justify;\"><span  style=\"color: rgb(52, 58, 64);\">La Licence, d\u2019une dur\u00e9e d\u2019un an, repr\u00e9sente une \u00e9tape essentielle dans un parcours acad\u00e9mique. Au niveau Bac+3, elle int\u00e8gre des enseignements th\u00e9oriques \u00e0 l\u2019\u00e9cole et des comp\u00e9tences pratiques d\u00e9velopp\u00e9es en entreprise.<\/span><br ><span  style=\"color: rgb(52, 58, 64);\">\nEn Bac+3 \u00e0 Chalon Formation, le rythme de l\u2019alternance est de:<\/span><br ><span  style=\"color: rgb(52, 58, 64);\">\n1 semaine en formation et 3 semaines en entreprise.<\/span><\/p><\/div> <div  class=\"col-sm-6 space-bottom\"><i  class=\"fa icon medium fa-clock-o color1\"><\/i> <h5  class=\"\">La formation est de courte dur\u00e9e<\/h5> <p  class=\"\" style=\"text-align: justify;\"><span  style=\"color: rgb(52, 58, 64);\">Les modalit\u00e9s d\u2019examen pour valider le Bac+3 sont propres \u00e0 chaque fili\u00e8re, mais sont constitu\u00e9es de contr\u00f4les continus et un examen final, comprenant des \u00e9preuves \u00e9crites, des oraux et un dossier.<\/span><\/p><\/div> <div  class=\"col-sm-6\"><i  class=\"fa icon medium fa-graduation-cap color1\"><\/i> <h5  class=\"\">Possibilit\u00e9s de poursuite d\u2019\u00e9tudes<\/h5> <p  class=\"\" style=\"text-align: justify;\"><span  style=\"color: rgb(52, 58, 64);\">A l\u2019issue de l\u2019obtention de la Licence en alternance, les \u00e9tudiants sont pr\u00eats \u00e0 int\u00e9grer le march\u00e9 du travail, arm\u00e9s des comp\u00e9tences valoris\u00e9es par les employeurs et acquises durant leur formation. Ils ont \u00e9galement la possibilit\u00e9 de poursuivre leurs \u00e9tudes en Manager Sp\u00e9cialis\u00e9 (Bac+5) sur le campus de Dijon ou Chalon.<\/span><\/p><\/div> <\/div><\/div> <\/div><\/div> <\/div><div  data-label=\"Portfolio\" data-id=\"portfolio--5\" data-export-id=\"portfolio-6\" data-category=\"portfolio\" class=\"portfolio-6 content-section content-section-spacing\" id=\"portfolio-5\" style=\"background-color: rgb(255, 255, 255); background-image: none;\"><div  class=\"gridContainer\"> <div  class=\"row text-center\"><div  class=\"section-title-col\" data-type=\"column\"> <h2  class=\"\">Campus Chalon<br >\nD\u00e9couvrez nos 3 licences en alternance<\/h2> <h3  class=\"\">Licences (Bac+3) du CNAM (Conservatoire National des Arts et M\u00e9tiers)<\/h3><\/div> <\/div> <div  class=\"row space-bottom spaced-cols\" data-type=\"row\"> <div  class=\"col-xs-12 col-sm-4 text-center\"> <div  class=\"card no-padding \"> <div  data-hover-fx=\"portfolio-5\" class=\"contentswap-effect\"> <div  class=\"initial-image\"> <img  decoding=\"async\" data-size=\"500x333\" src=\"https:\/\/ismacc.fr\/wp-content\/uploads\/2024\/04\/Licence-RH.png\"><\/div> <div  class=\"overlay bg-color6\"><\/div> <div  class=\"swap-inner col-xs-12\"> <div  class=\"row full-height-row middle-xs middle-sm\"> <div  class=\"col-xs-12 text-center content-holder\"> <a href=\"https:\/\/ismacc.fr\/index.php\/licence-ressources-humaines-du-cnam\" target=\"_blank\" rel=\"noopener\"><i  class=\"fa icon portfolio-icon fa-search big color-white\" aria-hidden=\"true\"><\/i><\/a><\/div> <\/div><\/div> <\/div> <div  class=\"space-bottom space-top col-xs-12\" data-type=\"column\">  <\/div> <\/div><\/div> <div  class=\"col-xs-12 col-sm-4 text-center\"><div  class=\"card no-padding \"> <div  data-hover-fx=\"portfolio-5\" class=\"contentswap-effect\"><div  class=\"initial-image\"> <img  decoding=\"async\" data-size=\"500x333\" src=\"https:\/\/ismacc.fr\/wp-content\/uploads\/2024\/04\/Licence-CVM.png\"><\/div> <div  class=\"overlay bg-color6\"><\/div> <div  class=\"swap-inner col-xs-12\"> <div  class=\"row full-height-row middle-xs middle-sm\"> <div  class=\"col-xs-12 text-center content-holder\"> <a href=\"https:\/\/ismacc.fr\/index.php\/licence-commerce-vente-marketing-du-cnam\" target=\"_blank\" rel=\"noopener\"><i  class=\"fa icon portfolio-icon fa-search big color-white\" aria-hidden=\"true\"><\/i><\/a><\/div> <\/div><\/div> <\/div> <div  class=\"space-bottom space-top col-xs-12\" data-type=\"column\">  <\/div> <\/div><\/div> <div  class=\"col-xs-12 col-sm-4 text-center\"><div  class=\"card no-padding \"> <div  data-hover-fx=\"portfolio-5\" class=\"contentswap-effect\"><div  class=\"initial-image\"> <img  decoding=\"async\" data-size=\"500x333\" src=\"https:\/\/ismacc.fr\/wp-content\/uploads\/2024\/04\/Licence-GDO.png\"><\/div> <div  class=\"overlay bg-color6\"><\/div> <div  class=\"swap-inner col-xs-12\"> <div  class=\"row full-height-row middle-xs middle-sm\"> <div  class=\"col-xs-12 text-center content-holder\"> <a href=\"https:\/\/ismacc.fr\/index.php\/licence-gestion-des-organisations-et-gestions-des-entreprises\" target=\"_blank\" rel=\"noopener\"><i  class=\"fa icon portfolio-icon fa-search big color-white\" aria-hidden=\"true\"><\/i><\/a><\/div> <\/div><\/div> <\/div> <div  class=\"space-bottom space-top col-xs-12\" data-type=\"column\">  <\/div> <\/div><\/div> <\/div> <div  class=\"row\"> <div  data-type=\"column\" class=\"col-xs-12 text-center\"> <\/div> <\/div><\/div> <\/div><div  data-label=\"Features\" data-id=\"features--1\" data-export-id=\"features-5\" data-category=\"features\" class=\"features-5 content-section-spacing\" id=\"features-1\" style=\"background-color: rgb(255, 255, 255);\"><div  class=\"gridContainer\"> <div  class=\"row text-center\"><div  class=\"section-title-col\" data-type=\"column\">  <h2  class=\"\">Administratif, Ressources Humaines<\/h2><\/div> <\/div> <div  class=\"row text-center\" data-type=\"row\"> <div  class=\"col-xs-12 col-sm-4 col-md-4 col-padding-small\"> <div  class=\"number-container\"> <div  class=\"link-line left bg-color1\"><\/div> <p  class=\"number border-color1 color1\"><span > +2<\/span><\/p> <div  class=\"link-line right bg-color1\"><\/div><\/div> <div  data-type=\"column\" class=\"\"><h4  class=\"\">Voir BTS SAM\n<br >\u00e0 Dijon ou Chalon Formation<\/h4> <\/div> <\/div><div  class=\"col-xs-12 col-sm-4 col-md-4 col-padding-small\"> <div  class=\"number-container\"> <div  class=\"link-line left bg-color1\"><\/div> <p  class=\"number border-color1 color1\"><span > +3<\/span><\/p> <div  class=\"link-line right bg-color1\"><\/div><\/div> <div  data-type=\"column\" class=\"\"><h4  class=\"\">Licence Ressources Humaines<\/h4> <\/div> <\/div> <div  class=\"col-xs-12 col-sm-4 col-md-4 col-padding-small\"> <div  class=\"number-container\"> <div  class=\"link-line left bg-color1\"><\/div> <p  class=\"number border-color1 color1\"><span > +5<\/span><\/p> <div  class=\"link-line right bg-color1\"><\/div><\/div> <div  data-type=\"column\" class=\"\"> <h4  class=\"\">Manager Ressources Humaines<\/h4><\/div><\/div> <\/div> <\/div><\/div><div  data-label=\"Features\" data-id=\"features--2\" data-export-id=\"features-5\" data-category=\"features\" class=\"features-5 content-section-spacing\" id=\"features-2\" style=\"background-color: rgb(245, 250, 253);\"><div  class=\"gridContainer\"> <div  class=\"row text-center\"><div  class=\"section-title-col\" data-type=\"column\">  <h2  class=\"\">Commerce<\/h2><\/div> <\/div> <div  class=\"row text-center\" data-type=\"row\"> <div  class=\"col-xs-12 col-sm-4 col-md-4 col-padding-small\"> <div  class=\"number-container\"> <div  class=\"link-line left bg-color1\"><\/div> <p  class=\"number border-color1 color1\"><span  style=\"font-family: Muli, arial, helvetica, sans-serif;\">+2<\/span><\/p> <div  class=\"link-line right bg-color1\"><\/div><\/div> <div  data-type=\"column\" class=\"\"> <h4  class=\"\">Voir BTS MCO ou BTS NDRC\n<br >\u00e0 Dijon ou Chalon Formation<\/h4><\/div> <\/div> <div  class=\"col-xs-12 col-sm-4 col-md-4 col-padding-small\"> <div  class=\"number-container\"> <div  class=\"link-line left bg-color1\"><\/div> <p  class=\"number border-color1 color1\"><span >+3<\/span><\/p> <div  class=\"link-line right bg-color1\"><\/div><\/div> <div  data-type=\"column\" class=\"\"><h4  class=\"\" style=\"text-align: left;\">\u2022 Licence Commerce Vente Marketing<br >\n\u2022 Licence Gestion des Organisations<\/h4> <\/div><\/div> <div  class=\"col-xs-12 col-sm-4 col-md-4 col-padding-small\"> <div  class=\"number-container\"> <div  class=\"link-line left bg-color1\"><\/div> <p  class=\"number border-color1 color1\"><span  style=\"font-family: Muli, arial, helvetica, sans-serif;\">+5<\/span><\/p> <div  class=\"link-line right bg-color1\"><\/div><\/div> <div  data-type=\"column\" class=\"\"><h4  class=\"\" style=\"text-align: left;\">\u2022 Manager du D\u00e9veloppementCommercial<br >\n\u2022 Manager des Organisations<\/h4> <\/div> <\/div><\/div> <\/div><\/div><div  data-label=\"Features\" data-id=\"features--3\" data-export-id=\"features-5\" data-category=\"features\" class=\"features-5 content-section-spacing\" id=\"features-3\" style=\"background-color: rgb(255, 255, 255);\"><div  class=\"gridContainer\"> <div  class=\"row text-center\"><div  class=\"section-title-col\" data-type=\"column\">  <h2  class=\"\">Comptabilit\u00e9, Gestion<\/h2><\/div> <\/div> <div  class=\"row text-center\" data-type=\"row\"> <div  class=\"col-xs-12 col-sm-4 col-md-4 col-padding-small\"> <div  class=\"number-container\"> <div  class=\"link-line left bg-color1\"><\/div> <p  class=\"number border-color1 color1\"><span  style=\"font-family: Muli, arial, helvetica, sans-serif;\"> +2<\/span><\/p> <div  class=\"link-line right bg-color1\"><\/div><\/div> <div  data-type=\"column\" class=\"\"> <h4  class=\"\">Voir BTS CG ou BTS GPME\n<br >\u00e0 Dijon ou Chalon Formtion<\/h4><\/div> <\/div>  <div  class=\"col-xs-12 col-sm-4 col-md-4 col-padding-small\"> <div  class=\"number-container\"> <div  class=\"link-line left bg-color1\"><\/div> <p  class=\"number border-color1 color1\"><span  style=\"font-family: Muli, arial, helvetica, sans-serif;\"> +3<\/span><\/p> <div  class=\"link-line right bg-color1\"><\/div><\/div> <div  data-type=\"column\" class=\"\"> <h4  class=\"\" style=\"text-align: left;\">\u2022 Licence Commerce Vente Marketing<br >\n\u2022 Licence Gestion des Organisations<\/h4><\/div> <\/div><div  class=\"col-xs-12 col-sm-4 col-md-4 col-padding-small\"> <div  class=\"number-container\"> <div  class=\"link-line left bg-color1\"><\/div> <p  class=\"number border-color1 color1\"><span  style=\"font-family: Muli, arial, helvetica, sans-serif;\"> +5<\/span><\/p> <div  class=\"link-line right bg-color1\"><\/div><\/div> <div  data-type=\"column\" class=\"\"> <h4  class=\"\" style=\"text-align: left;\">\u2022 Manager du D\u00e9veloppement Commercial<br >\n\u2022 Manager des Organisations<\/h4><\/div> <\/div><\/div> <\/div><\/div><div  data-label=\"Cta\" data-id=\"cta--1\" data-export-id=\"cta-centered-section-grid\" data-category=\"cta\" class=\"cta-centered-section-grid content-section content-section-spacing-medium bg-color1 white-text\" id=\"cta-1\"><div  class=\"gridContainer\"> <div  class=\"row text-center\"><div  class=\"col-xs-12 col-sm-10 col-sm-offset-1 col-md-8 col-md-offset-2\" data-type=\"column\">   <h3  class=\"\">Pour plus d\u2019informations , pr\u00e9inscrivez-vous<\/h3><a class=\"button color-white dark-text\" href=\"https:\/\/inscriptions.chalonformation.com\/registration\/index.html?campus=cf\" target=\"_blank\" data-cp-link=\"1\" data-icon=\"\" rel=\"noopener\">Se pr\u00e9inscrire<\/a><\/div> <\/div><\/div> <\/div>","protected":false},"excerpt":{"rendered":"<p>Pour plus d\u2019informations, pr\u00e9inscrivez-vousSe pr\u00e9inscrire Les licences du CNAM sont disponibles sur le campus de Chalon Formation. Les formations Bac+3 du Campus de Dijon Formation sont des Bachelors.En savoir plus sur les BachelorsQu\u2019est ce qu\u2019une Licence en alternance ? Exclusivement en alternance \u00e0 Chalon Formation, la Licence du CNAM (Conservatoire National des Arts et M\u00e9tiers)&hellip; <br \/> <a class=\"read-more\" href=\"https:\/\/ismacc.fr\/index.php\/formations-bac3\/\">Read more<\/a><\/p>\n","protected":false},"author":1,"featured_media":0,"parent":0,"menu_order":0,"comment_status":"closed","ping_status":"closed","template":"pro\/page-templates\/full-width-page.php","meta":{"footnotes":""},"class_list":["post-1410","page","type-page","status-publish","hentry"],"aioseo_notices":[],"yoast_head":"<!-- This site is optimized with the Yoast SEO plugin v24.6 - https:\/\/yoast.com\/wordpress\/plugins\/seo\/ -->\n<title>Formations Bac+3 - ISMACC<\/title>\n<meta name=\"description\" content=\"D\u00e9couvrez nos formations en Bac+3, exclusivement en alternance sur le campus de Chalon Formation. Licences du CNAM: Licence RH, CVM et GDO.\" \/>\n<meta name=\"robots\" content=\"index, follow, max-snippet:-1, max-image-preview:large, max-video-preview:-1\" \/>\n<link rel=\"canonical\" href=\"https:\/\/ismacc.fr\/index.php\/formations-bac3\/\" \/>\n<meta property=\"og:locale\" content=\"fr_FR\" \/>\n<meta property=\"og:type\" content=\"article\" \/>\n<meta property=\"og:title\" content=\"Formations Bac+3 - ISMACC\" \/>\n<meta property=\"og:description\" content=\"D\u00e9couvrez nos formations en Bac+3, exclusivement en alternance sur le campus de Chalon Formation. Licences du CNAM: Licence RH, CVM et GDO.\" \/>\n<meta property=\"og:url\" content=\"https:\/\/ismacc.fr\/index.php\/formations-bac3\/\" \/>\n<meta property=\"og:site_name\" content=\"ISMACC\" \/>\n<meta property=\"article:publisher\" content=\"https:\/\/www.facebook\/ChalonFor\" \/>\n<meta property=\"article:modified_time\" content=\"2024-09-12T10:17:50+00:00\" \/>\n<meta property=\"og:image\" content=\"https:\/\/ismacc.fr\/wp-content\/uploads\/2024\/03\/cropped-cropped-Capture-decran-2024-03-12-113744.png\" \/>\n<meta name=\"twitter:card\" content=\"summary_large_image\" \/>\n<meta name=\"twitter:label1\" content=\"Dur\u00e9e de lecture estim\u00e9e\" \/>\n\t<meta name=\"twitter:data1\" content=\"3 minutes\" \/>\n<script type=\"application\/ld+json\" class=\"yoast-schema-graph\">{\"@context\":\"https:\/\/schema.org\",\"@graph\":[{\"@type\":\"WebPage\",\"@id\":\"https:\/\/ismacc.fr\/index.php\/formations-bac3\/\",\"url\":\"https:\/\/ismacc.fr\/index.php\/formations-bac3\/\",\"name\":\"Formations Bac+3 - ISMACC\",\"isPartOf\":{\"@id\":\"https:\/\/ismacc.fr\/#website\"},\"primaryImageOfPage\":{\"@id\":\"https:\/\/ismacc.fr\/index.php\/formations-bac3\/#primaryimage\"},\"image\":{\"@id\":\"https:\/\/ismacc.fr\/index.php\/formations-bac3\/#primaryimage\"},\"thumbnailUrl\":\"https:\/\/ismacc.fr\/wp-content\/uploads\/2024\/03\/cropped-cropped-Capture-decran-2024-03-12-113744.png\",\"datePublished\":\"2024-03-29T10:35:27+00:00\",\"dateModified\":\"2024-09-12T10:17:50+00:00\",\"description\":\"D\u00e9couvrez nos formations en Bac+3, exclusivement en alternance sur le campus de Chalon Formation. Licences du CNAM: Licence RH, CVM et GDO.\",\"breadcrumb\":{\"@id\":\"https:\/\/ismacc.fr\/index.php\/formations-bac3\/#breadcrumb\"},\"inLanguage\":\"fr-FR\",\"potentialAction\":[{\"@type\":\"ReadAction\",\"target\":[\"https:\/\/ismacc.fr\/index.php\/formations-bac3\/\"]}]},{\"@type\":\"ImageObject\",\"inLanguage\":\"fr-FR\",\"@id\":\"https:\/\/ismacc.fr\/index.php\/formations-bac3\/#primaryimage\",\"url\":\"https:\/\/ismacc.fr\/wp-content\/uploads\/2024\/03\/cropped-cropped-Capture-decran-2024-03-12-113744.png\",\"contentUrl\":\"https:\/\/ismacc.fr\/wp-content\/uploads\/2024\/03\/cropped-cropped-Capture-decran-2024-03-12-113744.png\",\"width\":823,\"height\":715,\"caption\":\"Le Niveau Bac+3 - Les Licences \u00e0 ISMACC Campus Chalon\"},{\"@type\":\"BreadcrumbList\",\"@id\":\"https:\/\/ismacc.fr\/index.php\/formations-bac3\/#breadcrumb\",\"itemListElement\":[{\"@type\":\"ListItem\",\"position\":1,\"name\":\"Accueil\",\"item\":\"https:\/\/ismacc.fr\/\"},{\"@type\":\"ListItem\",\"position\":2,\"name\":\"Formations Bac+3\"}]},{\"@type\":\"WebSite\",\"@id\":\"https:\/\/ismacc.fr\/#website\",\"url\":\"https:\/\/ismacc.fr\/\",\"name\":\"ISMACC\",\"description\":\"Institut Sup\u00e9rieur, dipl\u00f4mes en alternance de Bac +3 \u00e0 Bac +5\",\"publisher\":{\"@id\":\"https:\/\/ismacc.fr\/#organization\"},\"potentialAction\":[{\"@type\":\"SearchAction\",\"target\":{\"@type\":\"EntryPoint\",\"urlTemplate\":\"https:\/\/ismacc.fr\/?s={search_term_string}\"},\"query-input\":{\"@type\":\"PropertyValueSpecification\",\"valueRequired\":true,\"valueName\":\"search_term_string\"}}],\"inLanguage\":\"fr-FR\"},{\"@type\":\"Organization\",\"@id\":\"https:\/\/ismacc.fr\/#organization\",\"name\":\"ISMACC\",\"url\":\"https:\/\/ismacc.fr\/\",\"logo\":{\"@type\":\"ImageObject\",\"inLanguage\":\"fr-FR\",\"@id\":\"https:\/\/ismacc.fr\/#\/schema\/logo\/image\/\",\"url\":\"https:\/\/ismacc.fr\/wp-content\/uploads\/2023\/03\/cropped-LOGO-ISMACC-DF-CF-2020.png\",\"contentUrl\":\"https:\/\/ismacc.fr\/wp-content\/uploads\/2023\/03\/cropped-LOGO-ISMACC-DF-CF-2020.png\",\"width\":491,\"height\":159,\"caption\":\"ISMACC\"},\"image\":{\"@id\":\"https:\/\/ismacc.fr\/#\/schema\/logo\/image\/\"},\"sameAs\":[\"https:\/\/www.facebook\/ChalonFor\",\"https:\/\/www.instagram.com\/chalon_formation\",\"https:\/\/www.linkedin.com\/company\/chalon-formation\"]}]}<\/script>\n<!-- \/ Yoast SEO plugin. -->","yoast_head_json":{"title":"Formations Bac+3 - ISMACC","description":"D\u00e9couvrez nos formations en Bac+3, exclusivement en alternance sur le campus de Chalon Formation. Licences du CNAM: Licence RH, CVM et GDO.","robots":{"index":"index","follow":"follow","max-snippet":"max-snippet:-1","max-image-preview":"max-image-preview:large","max-video-preview":"max-video-preview:-1"},"canonical":"https:\/\/ismacc.fr\/index.php\/formations-bac3\/","og_locale":"fr_FR","og_type":"article","og_title":"Formations Bac+3 - ISMACC","og_description":"D\u00e9couvrez nos formations en Bac+3, exclusivement en alternance sur le campus de Chalon Formation. Licences du CNAM: Licence RH, CVM et GDO.","og_url":"https:\/\/ismacc.fr\/index.php\/formations-bac3\/","og_site_name":"ISMACC","article_publisher":"https:\/\/www.facebook\/ChalonFor","article_modified_time":"2024-09-12T10:17:50+00:00","og_image":[{"url":"https:\/\/ismacc.fr\/wp-content\/uploads\/2024\/03\/cropped-cropped-Capture-decran-2024-03-12-113744.png","type":"","width":"","height":""}],"twitter_card":"summary_large_image","twitter_misc":{"Dur\u00e9e de lecture estim\u00e9e":"3 minutes"},"schema":{"@context":"https:\/\/schema.org","@graph":[{"@type":"WebPage","@id":"https:\/\/ismacc.fr\/index.php\/formations-bac3\/","url":"https:\/\/ismacc.fr\/index.php\/formations-bac3\/","name":"Formations Bac+3 - ISMACC","isPartOf":{"@id":"https:\/\/ismacc.fr\/#website"},"primaryImageOfPage":{"@id":"https:\/\/ismacc.fr\/index.php\/formations-bac3\/#primaryimage"},"image":{"@id":"https:\/\/ismacc.fr\/index.php\/formations-bac3\/#primaryimage"},"thumbnailUrl":"https:\/\/ismacc.fr\/wp-content\/uploads\/2024\/03\/cropped-cropped-Capture-decran-2024-03-12-113744.png","datePublished":"2024-03-29T10:35:27+00:00","dateModified":"2024-09-12T10:17:50+00:00","description":"D\u00e9couvrez nos formations en Bac+3, exclusivement en alternance sur le campus de Chalon Formation. Licences du CNAM: Licence RH, CVM et GDO.","breadcrumb":{"@id":"https:\/\/ismacc.fr\/index.php\/formations-bac3\/#breadcrumb"},"inLanguage":"fr-FR","potentialAction":[{"@type":"ReadAction","target":["https:\/\/ismacc.fr\/index.php\/formations-bac3\/"]}]},{"@type":"ImageObject","inLanguage":"fr-FR","@id":"https:\/\/ismacc.fr\/index.php\/formations-bac3\/#primaryimage","url":"https:\/\/ismacc.fr\/wp-content\/uploads\/2024\/03\/cropped-cropped-Capture-decran-2024-03-12-113744.png","contentUrl":"https:\/\/ismacc.fr\/wp-content\/uploads\/2024\/03\/cropped-cropped-Capture-decran-2024-03-12-113744.png","width":823,"height":715,"caption":"Le Niveau Bac+3 - Les Licences \u00e0 ISMACC Campus Chalon"},{"@type":"BreadcrumbList","@id":"https:\/\/ismacc.fr\/index.php\/formations-bac3\/#breadcrumb","itemListElement":[{"@type":"ListItem","position":1,"name":"Accueil","item":"https:\/\/ismacc.fr\/"},{"@type":"ListItem","position":2,"name":"Formations Bac+3"}]},{"@type":"WebSite","@id":"https:\/\/ismacc.fr\/#website","url":"https:\/\/ismacc.fr\/","name":"ISMACC","description":"Institut Sup\u00e9rieur, dipl\u00f4mes en alternance de Bac +3 \u00e0 Bac +5","publisher":{"@id":"https:\/\/ismacc.fr\/#organization"},"potentialAction":[{"@type":"SearchAction","target":{"@type":"EntryPoint","urlTemplate":"https:\/\/ismacc.fr\/?s={search_term_string}"},"query-input":{"@type":"PropertyValueSpecification","valueRequired":true,"valueName":"search_term_string"}}],"inLanguage":"fr-FR"},{"@type":"Organization","@id":"https:\/\/ismacc.fr\/#organization","name":"ISMACC","url":"https:\/\/ismacc.fr\/","logo":{"@type":"ImageObject","inLanguage":"fr-FR","@id":"https:\/\/ismacc.fr\/#\/schema\/logo\/image\/","url":"https:\/\/ismacc.fr\/wp-content\/uploads\/2023\/03\/cropped-LOGO-ISMACC-DF-CF-2020.png","contentUrl":"https:\/\/ismacc.fr\/wp-content\/uploads\/2023\/03\/cropped-LOGO-ISMACC-DF-CF-2020.png","width":491,"height":159,"caption":"ISMACC"},"image":{"@id":"https:\/\/ismacc.fr\/#\/schema\/logo\/image\/"},"sameAs":["https:\/\/www.facebook\/ChalonFor","https:\/\/www.instagram.com\/chalon_formation","https:\/\/www.linkedin.com\/company\/chalon-formation"]}]}},"_links":{"self":[{"href":"https:\/\/ismacc.fr\/index.php\/wp-json\/wp\/v2\/pages\/1410","targetHints":{"allow":["GET"]}}],"collection":[{"href":"https:\/\/ismacc.fr\/index.php\/wp-json\/wp\/v2\/pages"}],"about":[{"href":"https:\/\/ismacc.fr\/index.php\/wp-json\/wp\/v2\/types\/page"}],"author":[{"embeddable":true,"href":"https:\/\/ismacc.fr\/index.php\/wp-json\/wp\/v2\/users\/1"}],"replies":[{"embeddable":true,"href":"https:\/\/ismacc.fr\/index.php\/wp-json\/wp\/v2\/comments?post=1410"}],"version-history":[{"count":22,"href":"https:\/\/ismacc.fr\/index.php\/wp-json\/wp\/v2\/pages\/1410\/revisions"}],"predecessor-version":[{"id":2011,"href":"https:\/\/ismacc.fr\/index.php\/wp-json\/wp\/v2\/pages\/1410\/revisions\/2011"}],"wp:attachment":[{"href":"https:\/\/ismacc.fr\/index.php\/wp-json\/wp\/v2\/media?parent=1410"}],"curies":[{"name":"wp","href":"https:\/\/api.w.org\/{rel}","templated":true}]}}